{"id":832,"date":"2024-01-21T21:12:46","date_gmt":"2024-01-21T20:12:46","guid":{"rendered":"https:\/\/parafia.grabownowielkie.pl\/?page_id=832"},"modified":"2024-01-21T21:35:43","modified_gmt":"2024-01-21T20:35:43","slug":"intencje-gregorianskie","status":"publish","type":"page","link":"https:\/\/parafia.grabownowielkie.pl\/index.php\/intencje-gregorianskie\/","title":{"rendered":"INTENCJE GREGORIA\u0143SKIE"},"content":{"rendered":"\n<p><strong>+Artur Jarz\u0105b \u2013 intencje gregoria\u0144skie<\/strong><\/p>\n\n\n\n<figure class=\"wp-block-table\"><table><tbody><tr><td>1 luty, 17:00<\/td><td><em>Od te\u015bcia Stanis\u0142awa i rodziny Gerlach<\/em><\/td><\/tr><tr><td>2 luty, 17:00<\/td><td><em>Od chrze\u015bniak\u00f3w Damiana i Kingi<\/em><\/td><\/tr><tr><td>3 luty, 16:00<\/td><td><em>Od chrze\u015bnicy Dagmary i Julii z Klonowa<\/em><\/td><\/tr><tr><td><strong>4 luty, 10:00<\/strong><\/td><td><em>Od \u017cony Ma\u0142gorzaty oraz c\u00f3rek Natalii i Angeliki<\/em><\/td><\/tr><tr><td>5 luty, 17:00<\/td><td><em>Od swat\u00f3w Mieczys\u0142awa i Wies\u0142awa oraz rodziny Preisner<\/em><\/td><\/tr><tr><td>6 luty, 17:00<\/td><td><em>Od rodziny Szwajda i Ginda<\/em><\/td><\/tr><tr><td>7 luty, 17:00<\/td><td><em>Od kuzynki Anny i cioci Basi<\/em><\/td><\/tr><tr><td>8 luty, 17:00<\/td><td><em>Od kuzynki Joli i rodziny D\u0142ugosz<\/em><\/td><\/tr><tr><td>9 luty, 17:00<\/td><td><em>Od Marii Wawrzyniak i rodziny Rakowskich<\/em><\/td><\/tr><tr><td>10 luty, 16:00<\/td><td><em>Od rodziny Miziniak i Koz\u0142owskich<\/em><\/td><\/tr><tr><td><strong>11 luty, 11:30<\/strong><\/td><td><em>Od syn\u00f3w Przemka i Krystiana<\/em><\/td><\/tr><tr><td>12 luty, 17:00<\/td><td><em>Od rodziny \u017bmuda i Pietras<\/em><\/td><\/tr><tr><td>13 luty, 17:00<\/td><td><em>Od Krystyny Zab\u0142ockiej i Krzysi z rodzin\u0105<\/em><\/td><\/tr><tr><td>14 luty, 17:00<\/td><td><em>Od wuja Krzysztofa i Sebastiana Wawrzyniaka<\/em><\/td><\/tr><tr><td>15 luty, 17:00<\/td><td><em>Od Kamila Kie\u0142tyki i rodziny W\u00f3jcickich<\/em><\/td><\/tr><tr><td>16 luty, 17:00<\/td><td><em>Od rodziny Franczak i Anity z rodzin\u0105<\/em><\/td><\/tr><tr><td>17 luty, 16:00<\/td><td><em>Od rodziny Sieradzkich<\/em><\/td><\/tr><tr><td><strong>18 luty, 11:30<\/strong><\/td><td><em>Od c\u00f3rki Agaty i siostry Violetty<\/em><\/td><\/tr><tr><td>19 luty, 17:00<\/td><td><em>Od rodziny Cierpk\u00f3w<\/em><\/td><\/tr><tr><td>20 luty, 17:00<\/td><td><em>Od Klaudii Lity\u0144skiej i rodziny Zape\u0144skich<\/em><\/td><\/tr><tr><td>21 luty, 17:00<\/td><td><em>Od rodziny Wlaz\u0142o i Misiak<\/em><\/td><\/tr><tr><td>22 luty, 17:00<\/td><td><em>Od rodziny Materac\u00f3w i Kr\u00f3l<\/em><\/td><\/tr><tr><td>23 luty, 17:00<\/td><td><em>Od rodzin Kozyrskich, Cerajowskich i Smolis<\/em><\/td><\/tr><tr><td>24 luty, 17:00<\/td><td><em>Od Sabriny Pietras i rodziny Sikora<\/em><\/td><\/tr><tr><td><strong>25 luty, 11:30<\/strong><\/td><td><em>Od szwagierki Iwony i szwagra Marcina<\/em><\/td><\/tr><tr><td>26 luty, 17:00<\/td><td><em>Od rodziny R\u00f3\u017cowskich i Soberyk\u00f3w<\/em><\/td><\/tr><tr><td>27 luty, 17:00<\/td><td><em>Od rodziny Kulesz\u00f3w<\/em><\/td><\/tr><tr><td>28 luty, 17:00<\/td><td><em>Od rodziny Krzemieni\u00f3w<\/em><\/td><\/tr><tr><td>29 luty, 17:00<\/td><td><em>Od Marka \u015alusarka z rodzin\u0105<\/em><\/td><\/tr><tr><td>1 marca, 17:00<\/td><td><em>Od Karola Kie\u0142tyki z rodzin\u0105<\/em><\/td><\/tr><\/tbody><\/table><\/figure>\n","protected":false},"excerpt":{"rendered":"<p>+Artur Jarz\u0105b \u2013 intencje gregoria\u0144skie 1 luty, 17:00 Od te\u015bcia Stanis\u0142awa i rodziny Gerlach 2 luty, 17:00 Od chrze\u015bniak\u00f3w Damiana i Kingi 3 luty, 16:00 Od chrze\u015bnicy Dagmary i Julii z Klonowa 4 luty, 10:00 Od \u017cony Ma\u0142gorzaty oraz c\u00f3rek Natalii i Angeliki 5 luty, 17:00 Od swat\u00f3w Mieczys\u0142awa i Wies\u0142awa oraz rodziny Preisner 6 &#8230; <span class=\"more\"><a class=\"more-link\" href=\"https:\/\/parafia.grabownowielkie.pl\/index.php\/intencje-gregorianskie\/\">[Read more&#8230;]<\/a><\/span><\/p>\n","protected":false},"author":1,"featured_media":972,"parent":0,"menu_order":0,"comment_status":"closed","ping_status":"closed","template":"","meta":{"footnotes":""},"class_list":{"0":"entry","1":"page","2":"publish","3":"author-admin","4":"post-832","6":"has-post-thumbnail"},"_links":{"self":[{"href":"https:\/\/parafia.grabownowielkie.pl\/index.php\/wp-json\/wp\/v2\/pages\/832","targetHints":{"allow":["GET"]}}],"collection":[{"href":"https:\/\/parafia.grabownowielkie.pl\/index.php\/wp-json\/wp\/v2\/pages"}],"about":[{"href":"https:\/\/parafia.grabownowielkie.pl\/index.php\/wp-json\/wp\/v2\/types\/page"}],"author":[{"embeddable":true,"href":"https:\/\/parafia.grabownowielkie.pl\/index.php\/wp-json\/wp\/v2\/users\/1"}],"replies":[{"embeddable":true,"href":"https:\/\/parafia.grabownowielkie.pl\/index.php\/wp-json\/wp\/v2\/comments?post=832"}],"version-history":[{"count":1,"href":"https:\/\/parafia.grabownowielkie.pl\/index.php\/wp-json\/wp\/v2\/pages\/832\/revisions"}],"predecessor-version":[{"id":834,"href":"https:\/\/parafia.grabownowielkie.pl\/index.php\/wp-json\/wp\/v2\/pages\/832\/revisions\/834"}],"wp:featuredmedia":[{"embeddable":true,"href":"https:\/\/parafia.grabownowielkie.pl\/index.php\/wp-json\/wp\/v2\/media\/972"}],"wp:attachment":[{"href":"https:\/\/parafia.grabownowielkie.pl\/index.php\/wp-json\/wp\/v2\/media?parent=832"}],"curies":[{"name":"wp","href":"https:\/\/api.w.org\/{rel}","templated":true}]}}