{"id":619,"date":"2023-08-12T14:57:17","date_gmt":"2023-08-12T12:57:17","guid":{"rendered":"https:\/\/parafia.grabownowielkie.pl\/?page_id=619"},"modified":"2023-08-12T16:01:11","modified_gmt":"2023-08-12T14:01:11","slug":"jak-dojechac","status":"publish","type":"page","link":"https:\/\/parafia.grabownowielkie.pl\/index.php\/jak-dojechac\/","title":{"rendered":"JAK TRAFI\u0106?"},"content":{"rendered":"\n<p><strong>Ko\u015bci\u00f3\u0142 Parafialny<\/strong><\/p>\n\n\n\n<iframe src=\"https:\/\/www.google.com\/maps\/embed?pb=!1m18!1m12!1m3!1d2491.923208993221!2d17.416513876610605!3d51.34932267177784!2m3!1f0!2f0!3f0!3m2!1i1024!2i768!4f13.1!3m3!1m2!1s0x470ffeda1a68e327%3A0xcd5573027331ae2e!2sKo%C5%9Bci%C3%B3%C5%82%20Rzymskokatolicki%20pw.%20Matki%20Bo%C5%BCej%20Cz%C4%99stochowskiej!5e0!3m2!1spl!2spl!4v1691844994540!5m2!1spl!2spl\" width=\"600\" height=\"450\" style=\"border:0;\" allowfullscreen=\"\" loading=\"lazy\" referrerpolicy=\"no-referrer-when-downgrade\"><\/iframe>\n\n\n\n<p><\/p>\n\n\n\n<p><strong>Cmentarz Parafialny<\/strong><\/p>\n\n\n\n<iframe src=\"https:\/\/www.google.com\/maps\/embed?pb=!1m18!1m12!1m3!1d4983.8936301772665!2d17.427815800000005!3d51.34888860000001!2m3!1f0!2f0!3f0!3m2!1i1024!2i768!4f13.1!3m3!1m2!1s0x470fffe31afd3e91%3A0xe335833ccb0af07f!2sCmentarz%20w%20Grabownie%20Wielkim!5e0!3m2!1spl!2spl!4v1691844429635!5m2!1spl!2spl\" width=\"600\" height=\"450\" style=\"border:0;\" allowfullscreen=\"\" loading=\"lazy\" referrerpolicy=\"no-referrer-when-downgrade\"><\/iframe>\n\n\n\n<p><\/p>\n\n\n\n<p><strong>Filia Bia\u0142e B\u0142oto<\/strong><\/p>\n\n\n\n<iframe src=\"https:\/\/www.google.com\/maps\/embed?pb=!1m18!1m12!1m3!1d2492.9723975514453!2d17.349872875348417!3d51.330027523647104!2m3!1f0!2f0!3f0!3m2!1i1024!2i768!4f13.1!3m3!1m2!1s0x470ff966fa1e60ed%3A0x11f794ea41985293!2zQmlhxYJlIELFgm90byA4LCA1Ni00MTAgQmlhxYJlIELFgm90bw!5e0!3m2!1spl!2spl!4v1691846494617!5m2!1spl!2spl\" width=\"600\" height=\"450\" style=\"border:0;\" allowfullscreen=\"\" loading=\"lazy\" referrerpolicy=\"no-referrer-when-downgrade\"><\/iframe>\n\n\n\n<p><\/p>\n\n\n\n<p><strong>Filia Bukowinka<\/strong><\/p>\n\n\n\n<iframe src=\"https:\/\/www.google.com\/maps\/embed?pb=!1m18!1m12!1m3!1d2491.5604269498126!2d17.348194575350497!3d51.35599322175445!2m3!1f0!2f0!3f0!3m2!1i1024!2i768!4f13.1!3m3!1m2!1s0x470ff905e67f3241%3A0x8bd01ce312f3d38c!2sBukowinka%204%2C%2056-416%20Bukowinka!5e0!3m2!1spl!2spl!4v1691846206879!5m2!1spl!2spl\" width=\"600\" height=\"450\" style=\"border:0;\" allowfullscreen=\"\" loading=\"lazy\" referrerpolicy=\"no-referrer-when-downgrade\"><\/iframe>\n","protected":false},"excerpt":{"rendered":"<p>Ko\u015bci\u00f3\u0142 Parafialny Cmentarz Parafialny Filia Bia\u0142e B\u0142oto Filia Bukowinka<\/p>\n","protected":false},"author":1,"featured_media":634,"parent":0,"menu_order":0,"comment_status":"closed","ping_status":"closed","template":"","meta":{"footnotes":""},"class_list":{"0":"entry","1":"page","2":"publish","3":"author-admin","4":"post-619","6":"has-post-thumbnail"},"_links":{"self":[{"href":"https:\/\/parafia.grabownowielkie.pl\/index.php\/wp-json\/wp\/v2\/pages\/619","targetHints":{"allow":["GET"]}}],"collection":[{"href":"https:\/\/parafia.grabownowielkie.pl\/index.php\/wp-json\/wp\/v2\/pages"}],"about":[{"href":"https:\/\/parafia.grabownowielkie.pl\/index.php\/wp-json\/wp\/v2\/types\/page"}],"author":[{"embeddable":true,"href":"https:\/\/parafia.grabownowielkie.pl\/index.php\/wp-json\/wp\/v2\/users\/1"}],"replies":[{"embeddable":true,"href":"https:\/\/parafia.grabownowielkie.pl\/index.php\/wp-json\/wp\/v2\/comments?post=619"}],"version-history":[{"count":15,"href":"https:\/\/parafia.grabownowielkie.pl\/index.php\/wp-json\/wp\/v2\/pages\/619\/revisions"}],"predecessor-version":[{"id":645,"href":"https:\/\/parafia.grabownowielkie.pl\/index.php\/wp-json\/wp\/v2\/pages\/619\/revisions\/645"}],"wp:featuredmedia":[{"embeddable":true,"href":"https:\/\/parafia.grabownowielkie.pl\/index.php\/wp-json\/wp\/v2\/media\/634"}],"wp:attachment":[{"href":"https:\/\/parafia.grabownowielkie.pl\/index.php\/wp-json\/wp\/v2\/media?parent=619"}],"curies":[{"name":"wp","href":"https:\/\/api.w.org\/{rel}","templated":true}]}}