{"id":473,"date":"2023-03-03T21:03:47","date_gmt":"2023-03-03T20:03:47","guid":{"rendered":"http:\/\/parafia.grabownowielkie.pl\/?page_id=473"},"modified":"2023-03-03T21:05:27","modified_gmt":"2023-03-03T20:05:27","slug":"rekolekcje-2","status":"publish","type":"page","link":"https:\/\/parafia.grabownowielkie.pl\/index.php\/rekolekcje-2\/","title":{"rendered":"Rekolekcje"},"content":{"rendered":"\n<p class=\"has-text-align-center\">Poszukuj\u0105c prawdziwej relacji z Bogiem zapraszam do udzia\u0142u w rekolekcjach parafialnych. Nauki rekolekcyjne b\u0119d\u0105 o godzinie 17:00 od niedzieli 12 marca do wtorku. We wtorek okazja do spowiedzi \u015bwi\u0119tej od godziny 16:00 i po mszy \u015bwi\u0119tej<\/p>\n","protected":false},"excerpt":{"rendered":"<p>Poszukuj\u0105c prawdziwej relacji z Bogiem zapraszam do udzia\u0142u w rekolekcjach parafialnych. Nauki rekolekcyjne b\u0119d\u0105 o godzinie 17:00 od niedzieli 12 marca do wtorku. We wtorek okazja do spowiedzi \u015bwi\u0119tej od godziny 16:00 i po mszy \u015bwi\u0119tej<\/p>\n","protected":false},"author":1,"featured_media":472,"parent":0,"menu_order":0,"comment_status":"closed","ping_status":"closed","template":"","meta":{"footnotes":""},"class_list":{"0":"entry","1":"page","2":"publish","3":"author-admin","4":"post-473","6":"has-post-thumbnail"},"_links":{"self":[{"href":"https:\/\/parafia.grabownowielkie.pl\/index.php\/wp-json\/wp\/v2\/pages\/473","targetHints":{"allow":["GET"]}}],"collection":[{"href":"https:\/\/parafia.grabownowielkie.pl\/index.php\/wp-json\/wp\/v2\/pages"}],"about":[{"href":"https:\/\/parafia.grabownowielkie.pl\/index.php\/wp-json\/wp\/v2\/types\/page"}],"author":[{"embeddable":true,"href":"https:\/\/parafia.grabownowielkie.pl\/index.php\/wp-json\/wp\/v2\/users\/1"}],"replies":[{"embeddable":true,"href":"https:\/\/parafia.grabownowielkie.pl\/index.php\/wp-json\/wp\/v2\/comments?post=473"}],"version-history":[{"count":2,"href":"https:\/\/parafia.grabownowielkie.pl\/index.php\/wp-json\/wp\/v2\/pages\/473\/revisions"}],"predecessor-version":[{"id":477,"href":"https:\/\/parafia.grabownowielkie.pl\/index.php\/wp-json\/wp\/v2\/pages\/473\/revisions\/477"}],"wp:featuredmedia":[{"embeddable":true,"href":"https:\/\/parafia.grabownowielkie.pl\/index.php\/wp-json\/wp\/v2\/media\/472"}],"wp:attachment":[{"href":"https:\/\/parafia.grabownowielkie.pl\/index.php\/wp-json\/wp\/v2\/media?parent=473"}],"curies":[{"name":"wp","href":"https:\/\/api.w.org\/{rel}","templated":true}]}}