{"id":29,"date":"2021-08-17T07:32:23","date_gmt":"2021-08-17T05:32:23","guid":{"rendered":"http:\/\/parafia.grabownowielkie.pl\/?page_id=29"},"modified":"2023-09-06T05:52:25","modified_gmt":"2023-09-06T03:52:25","slug":"historia-2","status":"publish","type":"page","link":"https:\/\/parafia.grabownowielkie.pl\/index.php\/historia-2\/","title":{"rendered":"HISTORIA"},"content":{"rendered":"\n<p>Ko\u015bci\u00f3\u0142 postawiony zosta\u0142 na miejscu pierwszego drewnianego z XVI w. Starszy ko\u015bci\u00f3\u0142 by\u0142 prawdopodobnie ufundowany przez ole\u015bnickiego ksi\u0119cia Karola II, a rozbudowany i uwie\u0144czony wie\u017c\u0105 z dzwonem przez \u00f3wczesnego w\u0142a\u015bciciela Grabowna &#8211; Hansa vom Strachwitz z Brodaw. O tamtym ko\u015bciele przypomina napis na drewnianej belce nad drzwiami zakrystii: Anno I.N.K.J. 1578 12 Junii Verbum Domini Manet In Aeternum. Ko\u015bci\u00f3\u0142 ten uleg\u0142 zniszczeniu prawdopodobnie w po\u017carze, na jego miejscu w 1850 r. powsta\u0142 nowy w stylu eklektycznym, przetrwa\u0142 do dzi\u015b. \u015awi\u0105tyni\u0119 wzniesiono na planie prostok\u0105ta, jako jednonawow\u0105, na zachodzie uwie\u0144czon\u0105 wie\u017c\u0105, na wschodzie p\u00f3\u0142kolistym prezbiterium. Zbudowana zosta\u0142a z cegie\u0142 i otynkowana, z dachem krytym gontem, ogrodzony metalowym p\u0142otem na podmur\u00f3wce. Uleg\u0142 zniszczeniu XIX-wieczny wystr\u00f3j wn\u0119trza, pozosta\u0142o\u015bci\u0105 dawnego zboru ewangelickiego s\u0105 empory obiegaj\u0105ce ko\u015bci\u00f3\u0142 z trzech stron, strop oparty jest na drewnianym wi\u0105zaniu wisz\u0105cym. W kruchcie ko\u015bcio\u0142a na \u015bcianie po lewej stronie znajduje si\u0119 renesansowa p\u0142yta nagrobna Hansa von Strachwitza, wykonana po 1601 r. z piaskowca. Przedstawia ona rycerza w zbroi, u kt\u00f3rego n\u00f3g le\u017cy zdj\u0119ta przy\u0142bica. Naprzeciwko p\u0142yty stoi dolna cz\u0119\u015b\u0107 chrzcielnicy pochodz\u0105cej z 1769r., jej srebrnej g\u00f3ry brak. By\u0142a ona darem \u00f3wczesnego w\u0142a\u015bciciela Grabowna &#8211; Ernesta Zygmunta von Tschierschy z okazji chrztu jego pierworodnego syna. O\u0142tarz g\u0142\u00f3wny i dwa o\u0142tarze boczne wykonane s\u0105 z drewna, polichromowane, charakterystyczne dla p\u00f3\u017anego baroku 2. po\u0142owy XVII wieku. W o\u0142tarzu g\u0142\u00f3wnym znajduje si\u0119 obraz Madonny z Dzieci\u0105tkiem, namalowany na p\u0142\u00f3tnie. Od strony po\u0142udniowej i wschodniej \u015bwi\u0105tynia posiada pi\u0119kne witra\u017ce. 25 listopada 1945 r. uroczy\u015bcie wy\u015bwi\u0119cono lutera\u0144sk\u0105 \u015bwi\u0105tyni\u0119 na ko\u015bci\u00f3\u0142 rzymskokatolicki. Obecnie \u015bwi\u0105tynia jest ko\u015bcio\u0142em parafialnym pod wezwaniem MB Cz\u0119stochowskiej.<\/p>\n\n\n\n<p>NR W REJESTRZE ZABYTK\u00d3W<strong>:<\/strong>&nbsp;<strong>A\/1372\/551\/W<\/strong><\/p>\n\n\n\n<p>\u017ar\u00f3d\u0142o: twardogora.pl<\/p>\n","protected":false},"excerpt":{"rendered":"<p>Ko\u015bci\u00f3\u0142 postawiony zosta\u0142 na miejscu pierwszego drewnianego z XVI w. Starszy ko\u015bci\u00f3\u0142 by\u0142 prawdopodobnie ufundowany przez ole\u015bnickiego ksi\u0119cia Karola II, a rozbudowany i uwie\u0144czony wie\u017c\u0105 z dzwonem przez \u00f3wczesnego w\u0142a\u015bciciela Grabowna &#8211; Hansa vom Strachwitz z Brodaw. O tamtym ko\u015bciele przypomina napis na drewnianej belce nad drzwiami zakrystii: Anno I.N.K.J. 1578 12 Junii Verbum Domini &#8230; <span class=\"more\"><a class=\"more-link\" href=\"https:\/\/parafia.grabownowielkie.pl\/index.php\/historia-2\/\">[Read more&#8230;]<\/a><\/span><\/p>\n","protected":false},"author":1,"featured_media":0,"parent":0,"menu_order":0,"comment_status":"closed","ping_status":"closed","template":"","meta":{"footnotes":""},"class_list":["entry","page","publish","author-admin","post-29"],"_links":{"self":[{"href":"https:\/\/parafia.grabownowielkie.pl\/index.php\/wp-json\/wp\/v2\/pages\/29","targetHints":{"allow":["GET"]}}],"collection":[{"href":"https:\/\/parafia.grabownowielkie.pl\/index.php\/wp-json\/wp\/v2\/pages"}],"about":[{"href":"https:\/\/parafia.grabownowielkie.pl\/index.php\/wp-json\/wp\/v2\/types\/page"}],"author":[{"embeddable":true,"href":"https:\/\/parafia.grabownowielkie.pl\/index.php\/wp-json\/wp\/v2\/users\/1"}],"replies":[{"embeddable":true,"href":"https:\/\/parafia.grabownowielkie.pl\/index.php\/wp-json\/wp\/v2\/comments?post=29"}],"version-history":[{"count":3,"href":"https:\/\/parafia.grabownowielkie.pl\/index.php\/wp-json\/wp\/v2\/pages\/29\/revisions"}],"predecessor-version":[{"id":712,"href":"https:\/\/parafia.grabownowielkie.pl\/index.php\/wp-json\/wp\/v2\/pages\/29\/revisions\/712"}],"wp:attachment":[{"href":"https:\/\/parafia.grabownowielkie.pl\/index.php\/wp-json\/wp\/v2\/media?parent=29"}],"curies":[{"name":"wp","href":"https:\/\/api.w.org\/{rel}","templated":true}]}}