{"id":1284,"date":"2024-03-31T22:51:30","date_gmt":"2024-03-31T20:51:30","guid":{"rendered":"https:\/\/parafia.grabownowielkie.pl\/?page_id=1284"},"modified":"2024-05-28T21:48:21","modified_gmt":"2024-05-28T19:48:21","slug":"nasz-kanal-yt","status":"publish","type":"page","link":"https:\/\/parafia.grabownowielkie.pl\/index.php\/nasz-kanal-yt\/","title":{"rendered":"Nasz kana\u0142 YT"},"content":{"rendered":"\n<figure class=\"wp-block-embed is-type-video is-provider-youtube wp-block-embed-youtube wp-embed-aspect-16-9 wp-has-aspect-ratio\"><div class=\"wp-block-embed__wrapper\">\n<iframe loading=\"lazy\" title=\"Alleluja - Podzi\u0119kowanie dla Rodzic\u00f3w wyk. Pola Lewoniuk - Parafia Grabowno Wielkie 26.05.2024r (F)\" width=\"700\" height=\"394\" src=\"https:\/\/www.youtube.com\/embed\/26SKIS686pU?feature=oembed\" frameborder=\"0\" allow=\"accelerometer; autoplay; clipboard-write; encrypted-media; gyroscope; picture-in-picture; web-share\" referrerpolicy=\"strict-origin-when-cross-origin\" allowfullscreen><\/iframe>\n<\/div><\/figure>\n\n\n\n<figure class=\"wp-block-embed is-type-video is-provider-youtube wp-block-embed-youtube wp-embed-aspect-16-9 wp-has-aspect-ratio\"><div class=\"wp-block-embed__wrapper\">\n<iframe loading=\"lazy\" title=\"I Komunia \u015awi\u0119ta - Parafia Grabowno Wielkie 26.05.2024r (F)\" width=\"700\" height=\"394\" src=\"https:\/\/www.youtube.com\/embed\/oDPFo9PZ58g?feature=oembed\" frameborder=\"0\" allow=\"accelerometer; autoplay; clipboard-write; encrypted-media; gyroscope; picture-in-picture; web-share\" referrerpolicy=\"strict-origin-when-cross-origin\" allowfullscreen><\/iframe>\n<\/div><\/figure>\n\n\n\n<figure class=\"wp-block-embed is-type-video is-provider-youtube wp-block-embed-youtube wp-embed-aspect-16-9 wp-has-aspect-ratio\"><div class=\"wp-block-embed__wrapper\">\n<iframe loading=\"lazy\" title=\"Rezurekcja - 31.03.2024r - Parafia Grabowno Wielkie\" width=\"700\" height=\"394\" src=\"https:\/\/www.youtube.com\/embed\/tbpFb7Vj6Yg?feature=oembed\" frameborder=\"0\" allow=\"accelerometer; autoplay; clipboard-write; encrypted-media; gyroscope; picture-in-picture; web-share\" referrerpolicy=\"strict-origin-when-cross-origin\" allowfullscreen><\/iframe>\n<\/div><\/figure>\n\n\n\n<figure class=\"wp-block-embed is-type-video is-provider-youtube wp-block-embed-youtube wp-embed-aspect-16-9 wp-has-aspect-ratio\"><div class=\"wp-block-embed__wrapper\">\n<iframe loading=\"lazy\" title=\"Wigilia Paschalna - Wielka Sobota - 30.03.2024r - Parafia Grabowno Wielkie\" width=\"700\" height=\"394\" src=\"https:\/\/www.youtube.com\/embed\/yxmXVLT_hco?start=211&#038;feature=oembed\" frameborder=\"0\" allow=\"accelerometer; autoplay; clipboard-write; encrypted-media; gyroscope; picture-in-picture; web-share\" referrerpolicy=\"strict-origin-when-cross-origin\" allowfullscreen><\/iframe>\n<\/div><\/figure>\n\n\n\n<figure class=\"wp-block-embed is-type-video is-provider-youtube wp-block-embed-youtube wp-embed-aspect-16-9 wp-has-aspect-ratio\"><div class=\"wp-block-embed__wrapper\">\n<iframe loading=\"lazy\" title=\"Liturgia M\u0119ki Pa\u0144skiej - Wielki Pi\u0105tek - 29.03.2024r. - Parafia Grabowno Wielkie\" width=\"700\" height=\"394\" src=\"https:\/\/www.youtube.com\/embed\/Ahk3DBpPSSA?start=3415&#038;feature=oembed\" frameborder=\"0\" allow=\"accelerometer; autoplay; clipboard-write; encrypted-media; gyroscope; picture-in-picture; web-share\" referrerpolicy=\"strict-origin-when-cross-origin\" allowfullscreen><\/iframe>\n<\/div><\/figure>\n\n\n\n<figure class=\"wp-block-embed is-type-video is-provider-youtube wp-block-embed-youtube wp-embed-aspect-16-9 wp-has-aspect-ratio\"><div class=\"wp-block-embed__wrapper\">\n<iframe loading=\"lazy\" title=\"Msza Wieczerzy Pa\u0144skiej - Wielki Czwartek 28.03.2024 - PARAFIA GRABOWNO WIELKIE\" width=\"700\" height=\"394\" src=\"https:\/\/www.youtube.com\/embed\/7Ewx2aXDsaw?start=3675&#038;feature=oembed\" frameborder=\"0\" allow=\"accelerometer; autoplay; clipboard-write; encrypted-media; gyroscope; picture-in-picture; web-share\" referrerpolicy=\"strict-origin-when-cross-origin\" allowfullscreen><\/iframe>\n<\/div><\/figure>\n\n\n\n<figure class=\"wp-block-embed is-type-video is-provider-youtube wp-block-embed-youtube wp-embed-aspect-16-9 wp-has-aspect-ratio\"><div class=\"wp-block-embed__wrapper\">\n<iframe loading=\"lazy\" title=\"Rekolekcje - Dzie\u0144 3 - 27.02.2024 - Parafia Grabowno Wielkie\" width=\"700\" height=\"394\" src=\"https:\/\/www.youtube.com\/embed\/oStioaRupl4?feature=oembed\" frameborder=\"0\" allow=\"accelerometer; autoplay; clipboard-write; encrypted-media; gyroscope; picture-in-picture; web-share\" referrerpolicy=\"strict-origin-when-cross-origin\" allowfullscreen><\/iframe>\n<\/div><\/figure>\n\n\n\n<figure class=\"wp-block-embed is-type-video is-provider-youtube wp-block-embed-youtube wp-embed-aspect-16-9 wp-has-aspect-ratio\"><div class=\"wp-block-embed__wrapper\">\n<iframe loading=\"lazy\" title=\"Rekolekcje - Dzie\u0144 2 - 26.02.2024 - Parafia Grabowno Wielkie\" width=\"700\" height=\"394\" src=\"https:\/\/www.youtube.com\/embed\/JYIfeUuVk1Y?start=767&#038;feature=oembed\" frameborder=\"0\" allow=\"accelerometer; autoplay; clipboard-write; encrypted-media; gyroscope; picture-in-picture; web-share\" referrerpolicy=\"strict-origin-when-cross-origin\" allowfullscreen><\/iframe>\n<\/div><\/figure>\n\n\n\n<figure class=\"wp-block-embed is-type-video is-provider-youtube wp-block-embed-youtube wp-embed-aspect-16-9 wp-has-aspect-ratio\"><div class=\"wp-block-embed__wrapper\">\n<iframe loading=\"lazy\" title=\"Rekolekcje - Dzie\u0144 1 - 25.02.2024 - Parafia Grabowno Wielkie\" width=\"700\" height=\"394\" src=\"https:\/\/www.youtube.com\/embed\/Q9cILy7Y82A?start=1388&#038;feature=oembed\" frameborder=\"0\" allow=\"accelerometer; autoplay; clipboard-write; encrypted-media; gyroscope; picture-in-picture; web-share\" referrerpolicy=\"strict-origin-when-cross-origin\" allowfullscreen><\/iframe>\n<\/div><\/figure>\n","protected":false},"excerpt":{"rendered":"","protected":false},"author":1,"featured_media":0,"parent":0,"menu_order":0,"comment_status":"closed","ping_status":"closed","template":"","meta":{"footnotes":""},"class_list":["entry","page","publish","author-admin","post-1284"],"_links":{"self":[{"href":"https:\/\/parafia.grabownowielkie.pl\/index.php\/wp-json\/wp\/v2\/pages\/1284","targetHints":{"allow":["GET"]}}],"collection":[{"href":"https:\/\/parafia.grabownowielkie.pl\/index.php\/wp-json\/wp\/v2\/pages"}],"about":[{"href":"https:\/\/parafia.grabownowielkie.pl\/index.php\/wp-json\/wp\/v2\/types\/page"}],"author":[{"embeddable":true,"href":"https:\/\/parafia.grabownowielkie.pl\/index.php\/wp-json\/wp\/v2\/users\/1"}],"replies":[{"embeddable":true,"href":"https:\/\/parafia.grabownowielkie.pl\/index.php\/wp-json\/wp\/v2\/comments?post=1284"}],"version-history":[{"count":4,"href":"https:\/\/parafia.grabownowielkie.pl\/index.php\/wp-json\/wp\/v2\/pages\/1284\/revisions"}],"predecessor-version":[{"id":1321,"href":"https:\/\/parafia.grabownowielkie.pl\/index.php\/wp-json\/wp\/v2\/pages\/1284\/revisions\/1321"}],"wp:attachment":[{"href":"https:\/\/parafia.grabownowielkie.pl\/index.php\/wp-json\/wp\/v2\/media?parent=1284"}],"curies":[{"name":"wp","href":"https:\/\/api.w.org\/{rel}","templated":true}]}}